{"id":604,"date":"2025-10-05T13:08:06","date_gmt":"2025-10-05T13:08:06","guid":{"rendered":"https:\/\/promovaate.fi\/martsashop\/?post_type=product&#038;p=604"},"modified":"2025-11-02T12:02:19","modified_gmt":"2025-11-02T12:02:19","slug":"lasten-vetoketjuhuppari-valkoinen","status":"publish","type":"product","link":"https:\/\/promovaate.fi\/martsashop\/tuote\/lasten-vetoketjuhuppari-valkoinen\/","title":{"rendered":"Lasten vetoketjuhuppari &#8211; valkoinen"},"content":{"rendered":"","protected":false},"excerpt":{"rendered":"<p>Laadukas JustHood 280gr huppari koulun printill\u00e4 ja logolla.<br \/>\n80% puuvillaa, 20% polyesteri\u00e4.<br \/>\nPesu 40 astetta nurinp\u00e4in k\u00e4\u00e4nnettyn\u00e4.<\/p>\n<p><a href=\"https:\/\/promovaate.fi\/martsashop\/wp-content\/uploads\/2025\/10\/martsa_kokotaulukot_2025.pdf\">Kokotaulukot<\/a><\/p>\n","protected":false},"featured_media":554,"template":"","meta":{"_crdt_document":""},"product_brand":[],"product_cat":[25],"product_tag":[],"class_list":{"0":"post-604","1":"product","2":"type-product","3":"status-publish","4":"has-post-thumbnail","6":"product_cat-lasten-vetoketjuhupparit","8":"first","9":"instock","10":"taxable","11":"shipping-taxable","12":"purchasable","13":"product-type-variable"},"_links":{"self":[{"href":"https:\/\/promovaate.fi\/martsashop\/wp-json\/wp\/v2\/product\/604","targetHints":{"allow":["GET"]}}],"collection":[{"href":"https:\/\/promovaate.fi\/martsashop\/wp-json\/wp\/v2\/product"}],"about":[{"href":"https:\/\/promovaate.fi\/martsashop\/wp-json\/wp\/v2\/types\/product"}],"wp:featuredmedia":[{"embeddable":true,"href":"https:\/\/promovaate.fi\/martsashop\/wp-json\/wp\/v2\/media\/554"}],"wp:attachment":[{"href":"https:\/\/promovaate.fi\/martsashop\/wp-json\/wp\/v2\/media?parent=604"}],"wp:term":[{"taxonomy":"product_brand","embeddable":true,"href":"https:\/\/promovaate.fi\/martsashop\/wp-json\/wp\/v2\/product_brand?post=604"},{"taxonomy":"product_cat","embeddable":true,"href":"https:\/\/promovaate.fi\/martsashop\/wp-json\/wp\/v2\/product_cat?post=604"},{"taxonomy":"product_tag","embeddable":true,"href":"https:\/\/promovaate.fi\/martsashop\/wp-json\/wp\/v2\/product_tag?post=604"}],"curies":[{"name":"wp","href":"https:\/\/api.w.org\/{rel}","templated":true}]}}