{"id":641,"date":"2025-10-05T13:17:07","date_gmt":"2025-10-05T13:17:07","guid":{"rendered":"https:\/\/promovaate.fi\/martsashop\/?post_type=product&#038;p=641"},"modified":"2025-11-02T12:02:18","modified_gmt":"2025-11-02T12:02:18","slug":"lasten-collegepaita-desert-sand","status":"publish","type":"product","link":"https:\/\/promovaate.fi\/martsashop\/tuote\/lasten-collegepaita-desert-sand\/","title":{"rendered":"Lasten collegepaita &#8211; desert sand"},"content":{"rendered":"","protected":false},"excerpt":{"rendered":"<p>Laadukas JustHood 280gr college koulun printill\u00e4 ja logolla.<br \/>\n80% puuvillaa, 20% polyesteri\u00e4.<br \/>\nPesu 40 astetta nurinp\u00e4in k\u00e4\u00e4nnettyn\u00e4.<\/p>\n<p><a href=\"https:\/\/promovaate.fi\/martsashop\/wp-content\/uploads\/2025\/10\/martsa_kokotaulukot_2025.pdf\">Kokotaulukot<\/a><\/p>\n","protected":false},"featured_media":612,"template":"","meta":{"_crdt_document":""},"product_brand":[],"product_cat":[27],"product_tag":[],"class_list":{"0":"post-641","1":"product","2":"type-product","3":"status-publish","4":"has-post-thumbnail","6":"product_cat-lasten-collegepaidat","8":"first","9":"instock","10":"taxable","11":"shipping-taxable","12":"purchasable","13":"product-type-variable"},"_links":{"self":[{"href":"https:\/\/promovaate.fi\/martsashop\/wp-json\/wp\/v2\/product\/641","targetHints":{"allow":["GET"]}}],"collection":[{"href":"https:\/\/promovaate.fi\/martsashop\/wp-json\/wp\/v2\/product"}],"about":[{"href":"https:\/\/promovaate.fi\/martsashop\/wp-json\/wp\/v2\/types\/product"}],"wp:featuredmedia":[{"embeddable":true,"href":"https:\/\/promovaate.fi\/martsashop\/wp-json\/wp\/v2\/media\/612"}],"wp:attachment":[{"href":"https:\/\/promovaate.fi\/martsashop\/wp-json\/wp\/v2\/media?parent=641"}],"wp:term":[{"taxonomy":"product_brand","embeddable":true,"href":"https:\/\/promovaate.fi\/martsashop\/wp-json\/wp\/v2\/product_brand?post=641"},{"taxonomy":"product_cat","embeddable":true,"href":"https:\/\/promovaate.fi\/martsashop\/wp-json\/wp\/v2\/product_cat?post=641"},{"taxonomy":"product_tag","embeddable":true,"href":"https:\/\/promovaate.fi\/martsashop\/wp-json\/wp\/v2\/product_tag?post=641"}],"curies":[{"name":"wp","href":"https:\/\/api.w.org\/{rel}","templated":true}]}}